{"id":363,"date":"2018-10-11T14:47:17","date_gmt":"2018-10-11T14:47:17","guid":{"rendered":"http:\/\/genesisexpo.webgeniuslab.net\/?page_id=363"},"modified":"2023-06-18T00:24:09","modified_gmt":"2023-06-18T00:24:09","slug":"contato","status":"publish","type":"page","link":"https:\/\/midiapost.com\/live\/contato\/","title":{"rendered":"Contato"},"content":{"rendered":"[vc_row][vc_column][\/vc_column][\/vc_row][vc_row][vc_column][wgl_spacing spacer_size=&#8221;40px&#8221;][\/vc_column][\/vc_row][vc_row el_class=&#8221;box-shadow z-index-1 ohidden&#8221; css=&#8221;.vc_custom_1539335670121{margin-right: -5% !important;margin-bottom: -70px !important;margin-left: -5% !important;padding-right: 10% !important;padding-left: 10% !important;background-color: #ffffff !important;border-radius: 10px !important;}&#8221;][vc_column][vc_row_inner][vc_column_inner width=&#8221;5\/6&#8243;][wgl_double_headings title_color=&#8221;#232323&#8243; subtitle_color=&#8221;#fd226a&#8221; bgtitle_color=&#8221;#f3f3f3&#8243; title=&#8221;Escreva sua mensagem&#8221; subtitle=&#8221;`{`Contato`}`&#8221; bgtitle=&#8221;Diga ol\u00e1!&#8221; bg_responsive_font=&#8221;true&#8221; bg_font_size_desctop=&#8221;120&#8243; bg_font_size_tablet=&#8221;90&#8243; bg_font_size_mobile=&#8221;67&#8243;][wgl_spacing spacer_size=&#8221;18px&#8221;][vc_column_text]<strong>Somos uma Central de Solu\u00e7\u00f5es!<\/strong><br \/>\nEstamos aqui para responder a quaisquer quest\u00f5es que possa ter sobre tecnologias disruptivas. Respeitamos a sua privacidade e n\u00e3o toleramos spam e nunca iremos vender, alugar, arrendar ou dar as suas informa\u00e7\u00f5es.[\/vc_column_text][\/vc_column_inner][vc_column_inner width=&#8221;1\/6&#8243; offset=&#8221;vc_hidden-xs&#8221;][wgl_spacing spacer_size=&#8221;60px&#8221;][vc_column_text][\/vc_column_text][\/vc_column_inner][\/vc_row_inner][wgl_spacing spacer_size=&#8221;30px&#8221;][contact-form-7 id=&#8221;381&#8243;][wgl_spacing spacer_size=&#8221;30px&#8221;][\/vc_column][\/vc_row][vc_row full_width=&#8221;stretch_row_content_no_spaces&#8221; css=&#8221;.vc_custom_1539335789393{margin-bottom: -40px !important;}&#8221;][vc_column css=&#8221;.vc_custom_1539335392176{padding-top: 0px !important;}&#8221;][vc_column_text][wpgmza id=&#8221;1&#8243;][\/vc_column_text][\/vc_column][\/vc_row]\n","protected":false},"excerpt":{"rendered":"<p>[vc_row][vc_column][\/vc_column][\/vc_row][vc_row][vc_column][wgl_spacing spacer_size=&#8221;40px&#8221;][\/vc_column][\/vc_row][vc_row el_class=&#8221;box-shadow z-index-1 ohidden&#8221; css=&#8221;.vc_custom_1539335670121{margin-right: -5% !important;margin-bottom: -70px !important;margin-left: -5% !important;padding-right: 10% !important;padding-left: 10% !important;background-color: #ffffff !important;border-radius: 10px !important;}&#8221;][vc_column][vc_row_inner][vc_column_inner width=&#8221;5\/6&#8243;][wgl_double_headings title_color=&#8221;#232323&#8243; subtitle_color=&#8221;#fd226a&#8221; bgtitle_color=&#8221;#f3f3f3&#8243; title=&#8221;Escreva sua mensagem&#8221; subtitle=&#8221;`{`Contato`}`&#8221; bgtitle=&#8221;Diga ol\u00e1!&#8221; bg_responsive_font=&#8221;true&#8221; bg_font_size_desctop=&#8221;120&#8243; bg_font_size_tablet=&#8221;90&#8243; bg_font_size_mobile=&#8221;67&#8243;][wgl_spacing spacer_size=&#8221;18px&#8221;][vc_column_text]Somos uma Central de Solu\u00e7\u00f5es! Estamos aqui para responder a quaisquer quest\u00f5es que possa ter sobre tecnologias disruptivas. Respeitamos a sua [&hellip;]<\/p>\n","protected":false},"author":2,"featured_media":0,"parent":0,"menu_order":0,"comment_status":"closed","ping_status":"closed","template":"","meta":{"footnotes":""},"class_list":["post-363","page","type-page","status-publish","hentry"],"_links":{"self":[{"href":"https:\/\/midiapost.com\/live\/wp-json\/wp\/v2\/pages\/363","targetHints":{"allow":["GET"]}}],"collection":[{"href":"https:\/\/midiapost.com\/live\/wp-json\/wp\/v2\/pages"}],"about":[{"href":"https:\/\/midiapost.com\/live\/wp-json\/wp\/v2\/types\/page"}],"author":[{"embeddable":true,"href":"https:\/\/midiapost.com\/live\/wp-json\/wp\/v2\/users\/2"}],"replies":[{"embeddable":true,"href":"https:\/\/midiapost.com\/live\/wp-json\/wp\/v2\/comments?post=363"}],"version-history":[{"count":7,"href":"https:\/\/midiapost.com\/live\/wp-json\/wp\/v2\/pages\/363\/revisions"}],"predecessor-version":[{"id":3206,"href":"https:\/\/midiapost.com\/live\/wp-json\/wp\/v2\/pages\/363\/revisions\/3206"}],"wp:attachment":[{"href":"https:\/\/midiapost.com\/live\/wp-json\/wp\/v2\/media?parent=363"}],"curies":[{"name":"wp","href":"https:\/\/api.w.org\/{rel}","templated":true}]}}