{"id":982,"date":"2018-10-17T12:50:37","date_gmt":"2018-10-17T12:50:37","guid":{"rendered":"http:\/\/genesisexpo.webgeniuslab.net\/?page_id=982"},"modified":"2024-01-30T20:57:48","modified_gmt":"2024-01-30T20:57:48","slug":"home-6","status":"publish","type":"page","link":"https:\/\/midiapost.com\/live\/","title":{"rendered":"Home 6"},"content":{"rendered":"[vc_row full_width=&#8221;stretch_row&#8221; css=&#8221;.vc_custom_1540302284527{margin-top: -40px !important;background-color: #f3f3f3 !important;}&#8221; el_class=&#8221;z-index-1&#8243;][vc_column][wgl_spacing spacer_size=&#8221;20&#8243;][wgl_spacing spacer_size=&#8221;55px&#8221;][\/vc_column][\/vc_row][vc_row content_placement=&#8221;middle&#8221;][vc_column offset=&#8221;vc_col-md-6&#8243;][wgl_spacing spacer_size=&#8221;30px&#8221;][wgl_double_headings title_size=&#8221;38&#8243; title_color=&#8221;#232323&#8243; subtitle_color=&#8221;#fd226a&#8221; bgtitle_color=&#8221;#f3f3f3&#8243; title=&#8221;Ambientes inteligentes com baixo custo de implanta\u00e7\u00e3o!&#8221; subtitle=&#8221;`{`Tenha uma vida mais tranquila`}`&#8221; bgtitle=&#8221;IOT&#8221; bg_responsive_font=&#8221;true&#8221; bg_font_size_mobile=&#8221;80&#8243; responsive_font=&#8221;true&#8221; font_size_mobile=&#8221;29&#8243;][wgl_spacing spacer_size=&#8221;18px&#8221;][vc_column_text]<b>Automatize sua casa, apartamento, loja ou escrit\u00f3rio sem reformas complicadas! Nossos sistemas utilizam as tecnologias de conex\u00e3o WIFI6, WIFI5, 5G, BLUETOOTH, IR e RF para voc\u00ea controlar remotamente todos os dispositivos eletroeletr\u00f4nicos a partir do Smartphone ou no ambiente desejado atrav\u00e9s de pain\u00e9is de comando LCD, assistentes de voz e reconhecimento facial.<\/b>[\/vc_column_text][wgl_info_box ib_type=&#8221;fill&#8221; ib_layout=&#8221;left&#8221; icon_type=&#8221;font&#8221; icon_font_type=&#8221;type_flaticon&#8221; icon_flaticon=&#8221;flaticon-check&#8221; icon_color=&#8221;#ffffff&#8221; icon_color_hover=&#8221;#ffffff&#8221; icon_bg_color=&#8221;#2dcff7&#8243; icon_bg_color_hover=&#8221;#2dcff7&#8243; bg_color_type=&#8221;&#8221; background_color=&#8221;&#8221; background_color_hover=&#8221;&#8221; background_gradient_start=&#8221;&#8221; background_gradient_end=&#8221;&#8221; background_gradient_hover_start=&#8221;&#8221; background_gradient_hover_end=&#8221;&#8221; add_shadow=&#8221;true&#8221; ib_title=&#8221;Projeto e Instala\u00e7\u00e3o simplificados!&#8221; ib_content=&#8221;O sistema de conex\u00e3o sem fio torna a instala\u00e7\u00e3o de dispositivos e sensores simples e r\u00e1pida, sem reformas complexas.&#8221; custom_icon_color=&#8221;true&#8221; custom_icon_bg_color=&#8221;true&#8221; custom_icon_size=&#8221;20&#8243; custom_icon_bg_width=&#8221;40&#8243; custom_icon_bg_height=&#8221;40&#8243; h_bg_styles=&#8221;&#8221; custom_icon_side_offset=&#8221;30&#8243;][wgl_info_box ib_type=&#8221;fill&#8221; ib_layout=&#8221;left&#8221; icon_type=&#8221;font&#8221; icon_font_type=&#8221;type_flaticon&#8221; icon_flaticon=&#8221;flaticon-check&#8221; icon_color=&#8221;#ffffff&#8221; icon_color_hover=&#8221;#ffffff&#8221; icon_bg_color=&#8221;#9fd82e&#8221; icon_bg_color_hover=&#8221;#9fd82e&#8221; bg_color_type=&#8221;&#8221; background_color=&#8221;&#8221; background_color_hover=&#8221;&#8221; background_gradient_start=&#8221;&#8221; background_gradient_end=&#8221;&#8221; background_gradient_hover_start=&#8221;&#8221; background_gradient_hover_end=&#8221;&#8221; add_shadow=&#8221;true&#8221; ib_title=&#8221;Experi\u00eancia \u00fanica&#8221; ib_content=&#8221;Na era da IOT a personaliza\u00e7\u00e3o dos sistemas eletro-eletr\u00f4nicos presentes em um im\u00f3vel \u00e9 extremamente importante, um diferencial valorizador que gera uma maior comodidade para a vida do usu\u00e1rio e agrega valor ao empreendimento.&#8221; custom_icon_color=&#8221;true&#8221; custom_icon_bg_color=&#8221;true&#8221; custom_icon_size=&#8221;20&#8243; custom_icon_bg_width=&#8221;40&#8243; custom_icon_bg_height=&#8221;40&#8243; h_bg_styles=&#8221;&#8221; custom_icon_side_offset=&#8221;30&#8243;][\/vc_column][vc_column offset=&#8221;vc_col-md-6&#8243;][vc_column_text]<img loading=\"lazy\" decoding=\"async\" class=\"alignnone size-full wp-image-1157 image-resp\" style=\"max-width: 150%;\" src=\"https:\/\/midiapost.com\/live\/wp-content\/uploads\/2019\/08\/casa-iot-ipad.png\" alt=\"ipad\" width=\"842\" height=\"640\" \/>[\/vc_column_text][\/vc_column][\/vc_row][vc_row full_width=&#8221;stretch_row&#8221; css=&#8221;.vc_custom_1539697270668{background-color: #f3f3f3 !important;}&#8221;][vc_column][wgl_spacing spacer_size=&#8221;46&#8243;][wgl_double_headings align=&#8221;center&#8221; title_color=&#8221;#232323&#8243; subtitle_color=&#8221;#fd226a&#8221; bgtitle_color=&#8221;#ffffff&#8221; title=&#8221;O que voc\u00ea esta esperando?&#8221; subtitle=&#8221;`{`Internet das Coisas`}`&#8221; bgtitle=&#8221;AUTOMA\u00c7\u00c3O&#8221; custom_bgtitle_color=&#8221;true&#8221; responsive_font=&#8221;true&#8221; font_size_mobile=&#8221;34&#8243; bg_responsive_font=&#8221;true&#8221; bg_font_size_mobile=&#8221;52&#8243;][wgl_spacing spacer_size=&#8221;18px&#8221;][vc_row_inner][vc_column_inner offset=&#8221;vc_col-lg-offset-3 vc_col-lg-3\/5 vc_col-md-offset-2 vc_col-md-8&#8243;][vc_column_text]\n<p style=\"text-align: center;\"><strong><br \/>\nCrie cen\u00e1rios de ilumina\u00e7\u00e3o com LED, cromoterapia, cortinas, persianas e Smart Film. Tenha mais sa\u00fade com sua esta\u00e7\u00e3o de tratamento de \u00e1gua alcalina instalada em sua cozinha, monitore sua sa\u00fade com dispositivos wereables e espelhos interativos. Monitore a qualidade do ar, o consumo de energia el\u00e9trica e \u00e1gua pot\u00e1vel. Incremente a seguran\u00e7a do seu im\u00f3vel com c\u00e2meras 360\u00ba, fechaduras digitais, reconhecimento facial, bot\u00f5es de p\u00e2nico, sensores de presen\u00e7a, umidade, temperatura e vazamento de g\u00e1s e \u00e1gua. Ajude o planeta com sua pr\u00f3pria usina de energia solar residencial ou comercial. Climatize e purifique os ambientes com condicionador de ar solar, umidificador, ionizador de ar e central solar de aquecimento de \u00e1gua. Monitore a sa\u00fade dos mais queridos com sensores de press\u00e3o e glicemia IOT. Tenha sua sala de banho com tecnologia IA e desfrute de momentos de prazer para sua sa\u00fade intelectual e mental em sua casa. Tenha a sonoriza\u00e7\u00e3o ideal e desfrute de m\u00f3veis inteligentes IOT com sistema de massagens relaxantes em cadeiras, sof\u00e1s e camas tudo controlado por sua voz.\u00a0<\/strong><\/p>\n<p style=\"text-align: center;\"><strong>Consulte-nos e torne sua vida mais inteligente.<\/strong><\/p>\n[\/vc_column_text][\/vc_column_inner][\/vc_row_inner][wgl_spacing spacer_size=&#8221;10px&#8221;][wgl_button button_text=&#8221;Entre na Era da IOT&#8221; align=&#8221;center&#8221; shadow_style=&#8221;before_hover&#8221; customize=&#8221;color&#8221; text_color=&#8221;#f3f3f3&#8243; text_color_hover=&#8221;#2dcff7&#8243; bg_color=&#8221;#2dcff7&#8243; bg_color_hover=&#8221;#f3f3f3&#8243; border_color=&#8221;#2dcff7&#8243; border_color_hover=&#8221;#2dcff7&#8243; link=&#8221;url:https%3A%2F%2Fmidiapost.com%2Flive%2Fcontato%2F|title:Contato||&#8221;][wgl_spacing spacer_size=&#8221;90&#8243;][\/vc_column][\/vc_row][vc_row full_width=&#8221;stretch_row&#8221; css=&#8221;.vc_custom_1540207887959{background-image: url(https:\/\/leelen.com.br\/internet_das_coisas\/wp-content\/uploads\/2018\/10\/bg-waves.png?id=1197) !important;background-position: 0 0 !important;background-repeat: no-repeat !important;}&#8221;][vc_column css=&#8221;.vc_custom_1539252179279{padding-top: 0px !important;}&#8221;][wgl_spacing spacer_size=&#8221;78&#8243;][vc_row_inner][vc_column_inner width=&#8221;1\/2&#8243; offset=&#8221;vc_col-lg-3&#8243;][wgl_pricing_table icon_type=&#8221;none&#8221; button_title=&#8221;Entre no mundo da IOT&#8221; button_customize=&#8221;color&#8221; button_text_color=&#8221;#ffffff&#8221; button_text_color_hover=&#8221;#2dcff7&#8243; button_bg_color=&#8221;#2dcff7&#8243; button_bg_color_hover=&#8221;#ffffff&#8221; button_border_color=&#8221;#2dcff7&#8243; button_border_color_hover=&#8221;#2dcff7&#8243; header_customize=&#8221;color&#8221; header_bg_color=&#8221;#2dcff7&#8243; pricing_punch_bg_color=&#8221;#ffffff&#8221; pricing_cur=&#8221;R$&#8221; pricing_price=&#8221;Consulte&#8221; pricing_desc=&#8221;KIT CASA INTELIGENTE 6 AMBIENTES&#8221; pricing_title=&#8221;KIT IOT B\u00c1SICO&#8221;]\n<ul>\n<li>1 Central WIFI RF IR<\/li>\n<li>9 Ilumina\u00e7\u00e3o Glass<\/li>\n<li>9 Tomadas USB Glass<\/li>\n<li>3 Alarmes Porta Janela<\/li>\n<li>1 C\u00e2mera IOT 360\u00ba<\/li>\n<li><span>1 Assistente Virtual IOT<\/span><\/li>\n<\/ul>\n[\/wgl_pricing_table][\/vc_column_inner][vc_column_inner width=&#8221;1\/2&#8243; offset=&#8221;vc_col-lg-3&#8243;][wgl_spacing spacer_size=&#8221;70px&#8221; screen_desktops=&#8221;1201&#8243; responsive_desktop=&#8221;true&#8221; size_desktops=&#8221;0&#8243;][wgl_pricing_table icon_type=&#8221;none&#8221; button_title=&#8221;Entre no mundo da IOT&#8221; button_customize=&#8221;color&#8221; button_text_color=&#8221;#ffffff&#8221; button_text_color_hover=&#8221;#9fd82e&#8221; button_bg_color=&#8221;#9fd82e&#8221; button_bg_color_hover=&#8221;#ffffff&#8221; button_border_color=&#8221;#9fd82e&#8221; button_border_color_hover=&#8221;#9fd82e&#8221; header_customize=&#8221;color&#8221; header_bg_color=&#8221;#9fd82e&#8221; pricing_punch_bg_color=&#8221;#ffffff&#8221; pricing_cur=&#8221;R$&#8221; pricing_price=&#8221;Consulte&#8221; pricing_desc=&#8221;KIT CASA INTELIGENTE 12 AMBIENTES&#8221; pricing_title=&#8221;KIT IOT COMPLETO&#8221;]\n<ul>\n<li>1 Central WIFI RF IR<\/li>\n<li>1\u00a0 Central IR<\/li>\n<li>12 Ilumina\u00e7\u00e3o Glass<\/li>\n<li>12 Tomadas USB Glass<\/li>\n<li>6 Alarmes Porta Janela<\/li>\n<li>1 C\u00e2mera IOT 360\u00ba<span><\/span><\/li>\n<li>1 Alarme movimento<\/li>\n<li>2 Disjuntores IOT 30A<\/li>\n<li>1 WallPAD IOT<\/li>\n<li>1 Assistente Virtual IOT<\/li>\n<li>1 Fechadura IOT<\/li>\n<li>1 Videoporteiro IOT<\/li>\n<li>1 Alarme Vazamento \u00c1gua<\/li>\n<li>1 Registro IOT \u00c1gua<\/li>\n<\/ul>\n[\/wgl_pricing_table][\/vc_column_inner][vc_column_inner offset=&#8221;vc_col-lg-offset-1 vc_col-lg-5&#8243;][wgl_spacing spacer_size=&#8221;95&#8243; screen_desktops=&#8221;1200&#8243; responsive_desktop=&#8221;true&#8221; size_desktops=&#8221;30&#8243;][wgl_double_headings title_color=&#8221;#232323&#8243; subtitle_color=&#8221;#fd226a&#8221; bgtitle_color=&#8221;#f3f3f3&#8243; title=&#8221;Compre Agora!&#8221; subtitle=&#8221;`{`Escolha seu kit`}`&#8221; bgtitle=&#8221;IOT&#8221; custom_bgtitle_color=&#8221;true&#8221; bg_responsive_font=&#8221;true&#8221; bg_font_size_mobile=&#8221;63&#8243;][wgl_spacing spacer_size=&#8221;17&#8243;][vc_column_text]<span>Preparamos 2 kits especiais para voc\u00ea avaliar as melhores <\/span><span>solu\u00e7\u00f5es de Internet das Coisas do mercado e combinar a arquitetura de informa\u00e7\u00e3o baseada em\u00a0 uma estrat\u00e9gia de analytics que permita transformar os desejos em insights acion\u00e1veis a sua vida cotidiana e seus neg\u00f3cios. Adquira nossos kits e seja um Empreendedor Integrador de IOT, obtenha grandes lucros neste mercado em expans\u00e3o.<\/span><\/p>\n<p>J\u00e1 imaginou a infinidade de possibilidades de experi\u00eancias poss\u00edveis?<\/p>\n<ul class=\"genesisexpo_plus\">\n<li>Tenha controle de ilumina\u00e7\u00e3o com cen\u00e1rios programados.<\/li>\n<li>Controle de TV, Sonoriza\u00e7\u00e3o, Ar Condicionado etc.<\/li>\n<li>Controle dispositivos pela sua voz.<\/li>\n<li>Mais seguran\u00e7a com sistemas de alarme IOT!<\/li>\n<\/ul>\n<p><span>Tire suas d\u00favidas sobre as oportunidades desse novo mercado das tecnologias 4.0! Fale com nossos consultores online agora e entre para o mundo da Internet das Coisas.<\/span><\/p>\n<p><iframe loading=\"lazy\" src=\"https:\/\/www.youtube.com\/embed\/My7r8Tu1Qj0\" width=\"560\" height=\"315\" frameborder=\"0\" allowfullscreen=\"allowfullscreen\"><\/iframe>[\/vc_column_text][\/vc_column_inner][\/vc_row_inner][wgl_spacing spacer_size=&#8221;47&#8243; screen_desktops=&#8221;1200&#8243; responsive_desktop=&#8221;true&#8221; size_desktops=&#8221;55&#8243;][\/vc_column][\/vc_row][vc_row full_width=&#8221;stretch_row&#8221; parallax=&#8221;content-moving&#8221; css=&#8221;.vc_custom_1540191413214{background-image: url(https:\/\/leelen.com.br\/internet_das_coisas\/wp-content\/uploads\/2018\/10\/bg-table.jpg?id=1221) !important;background-position: center;background-repeat: no-repeat;background-size:cover;}&#8221;][vc_column css=&#8221;.vc_custom_1596907284186{background-color: #9fb1c9 !important;}&#8221;][wgl_spacing spacer_size=&#8221;40px&#8221;][vc_row_inner][vc_column_inner width=&#8221;1\/4&#8243;][wgl_counter counter_align=&#8221;center&#8221; icon_type=&#8221;none&#8221; title_color=&#8221;#ffffff&#8221; count_value_size=&#8221;70&#8243; count_value_color=&#8221;#ffffff&#8221; count_title=&#8221;Ano de inicio da empresa&#8221; count_value=&#8221;2012&#8243; custom_title_color=&#8221;true&#8221; custom_count_value_color=&#8221;true&#8221;][wgl_spacing spacer_size=&#8221;30px&#8221;][\/vc_column_inner][vc_column_inner width=&#8221;1\/4&#8243;][wgl_counter counter_align=&#8221;center&#8221; icon_type=&#8221;none&#8221; title_color=&#8221;#ffffff&#8221; count_value_size=&#8221;70&#8243; count_value_color=&#8221;#ffffff&#8221; count_title=&#8221;Solu\u00e7\u00f5es disponiveis&#8221; count_value=&#8221;83&#8243; custom_title_color=&#8221;true&#8221; custom_count_value_color=&#8221;true&#8221;][wgl_spacing spacer_size=&#8221;30px&#8221;][\/vc_column_inner][vc_column_inner width=&#8221;1\/4&#8243;][wgl_counter counter_align=&#8221;center&#8221; icon_type=&#8221;none&#8221; title_color=&#8221;#ffffff&#8221; count_value_size=&#8221;70&#8243; count_value_color=&#8221;#ffffff&#8221; count_title=&#8221;Clientes atendidos&#8221; count_value=&#8221;1465&#8243; custom_title_color=&#8221;true&#8221; custom_count_value_color=&#8221;true&#8221;][wgl_spacing spacer_size=&#8221;30px&#8221;][\/vc_column_inner][vc_column_inner width=&#8221;1\/4&#8243;][wgl_counter counter_align=&#8221;center&#8221; icon_type=&#8221;none&#8221; title_color=&#8221;#ffffff&#8221; count_value_size=&#8221;70&#8243; count_value_color=&#8221;#ffffff&#8221; count_title=&#8221;Sistemas vendidos&#8221; count_value=&#8221;2881&#8243; custom_title_color=&#8221;true&#8221; custom_count_value_color=&#8221;true&#8221;][wgl_spacing spacer_size=&#8221;30px&#8221;][\/vc_column_inner][\/vc_row_inner][wgl_spacing spacer_size=&#8221;54px&#8221;][\/vc_column][\/vc_row][vc_row full_width=&#8221;stretch_row_content_no_spaces&#8221; css=&#8221;.vc_custom_1540191946406{background-position: center !important;background-repeat: no-repeat !important;background-size: cover !important;}&#8221;][vc_column][wgl_spacing spacer_size=&#8221;48&#8243;][wgl_double_headings align=&#8221;center&#8221; title_color=&#8221;#232323&#8243; subtitle_color=&#8221;#fd226a&#8221; bgtitle_color=&#8221;#f3f3f3&#8243; title=&#8221;IOT para empresas&#8221; subtitle=&#8221;`{`Entre na Era da Intelig\u00eancia Artificial`}`&#8221; bgtitle=&#8221;CONECTADO&#8221; custom_bgtitle_color=&#8221;true&#8221; bg_responsive_font=&#8221;true&#8221; bg_font_size_mobile=&#8221;55&#8243; responsive_font=&#8221;true&#8221; font_size_mobile=&#8221;32&#8243;][wgl_spacing spacer_size=&#8221;17px&#8221;][vc_row_inner][vc_column_inner width=&#8221;5\/6&#8243; offset=&#8221;vc_col-md-offset-3 vc_col-md-6&#8243; css=&#8221;.vc_custom_1569905289937{padding-right: 5% !important;padding-left: 5% !important;}&#8221;][vc_column_text css=&#8221;.vc_custom_1706648183195{background-position: center !important;background-repeat: no-repeat !important;background-size: contain !important;}&#8221;]\n<p style=\"text-align: center;\"><strong><span class=\"small-txt-light\">Como est\u00e3o as iniciativas de IoT na sua empresa?<\/span><\/strong><\/p>\n<p style=\"text-align: center;\"><span class=\"small-txt-light\">A IoT est\u00e1 literalmente inundando o mercado mundial com dados captados e transmitidos por sensores. H\u00e1 IOT em equipamentos de todas as linhas de neg\u00f3cios, desde residenciais a industriais. A IOT esta em ve\u00edculos, eletroeletr\u00f4nicos, dispositivos digitais, dispositivos comerciais e in\u00fameras \u00e1reas frequentadas por consumidores e agora \u00e9 a hora de atacar esse nicho do mercado.<\/span><\/p>\n<p style=\"text-align: center;\"><span class=\"small-txt-light\">Em 2025, o mercado da Internet das Coisas Industrial (IIoT) movimentar\u00e1 US$ 194 bilh\u00f5es, crescendo a uma taxa anual composta de 8%. E, segundo a IDC, o universo de informa\u00e7\u00e3o digital criada e distribu\u00edda por diferentes objetos inteligentes no mundo dever\u00e1 representar 58 trilh\u00f5es de gigabytes em 2025.<\/span><\/p>\n<p style=\"text-align: center;\"><span class=\"small-txt-light\">Empresas que montarem um plano de neg\u00f3cios com uma estrat\u00e9gia de analytics que lhes permita extrair insights de seus dados para serem usados em tempo real nos neg\u00f3cios certamente ter\u00e3o uma vantagem competitiva gigantesca nos pr\u00f3ximos anos.<\/span><\/p>\n<p style=\"text-align: center;\">Se voc\u00ea se encaixa nesse perfil desbravador, \u00e9 a hora de nos contactar e entrar na Era IOT!<\/p>\n[\/vc_column_text][\/vc_column_inner][\/vc_row_inner][wgl_spacing spacer_size=&#8221;94&#8243; screen_desktops=&#8221;1200&#8243; responsive_desktop=&#8221;true&#8221; size_desktops=&#8221;60&#8243;][\/vc_column][\/vc_row][vc_row full_width=&#8221;stretch_row_content_no_spaces&#8221; css=&#8221;.vc_custom_1539701840122{margin-bottom: -40px !important;}&#8221;][vc_column][vc_column_text][\/vc_column_text][\/vc_column][\/vc_row]\n","protected":false},"excerpt":{"rendered":"<p>[vc_row full_width=&#8221;stretch_row&#8221; css=&#8221;.vc_custom_1540302284527{margin-top: -40px !important;background-color: #f3f3f3 !important;}&#8221; el_class=&#8221;z-index-1&#8243;][vc_column][wgl_spacing spacer_size=&#8221;20&#8243;][wgl_spacing spacer_size=&#8221;55px&#8221;][\/vc_column][\/vc_row][vc_row content_placement=&#8221;middle&#8221;][vc_column offset=&#8221;vc_col-md-6&#8243;][wgl_spacing spacer_size=&#8221;30px&#8221;][wgl_double_headings title_size=&#8221;38&#8243; title_color=&#8221;#232323&#8243; subtitle_color=&#8221;#fd226a&#8221; bgtitle_color=&#8221;#f3f3f3&#8243; title=&#8221;Ambientes inteligentes com baixo custo de implanta\u00e7\u00e3o!&#8221; subtitle=&#8221;`{`Tenha uma vida mais tranquila`}`&#8221; bgtitle=&#8221;IOT&#8221; bg_responsive_font=&#8221;true&#8221; bg_font_size_mobile=&#8221;80&#8243; responsive_font=&#8221;true&#8221; font_size_mobile=&#8221;29&#8243;][wgl_spacing spacer_size=&#8221;18px&#8221;][vc_column_text]Automatize sua casa, apartamento, loja ou escrit\u00f3rio sem reformas complicadas! Nossos sistemas utilizam as tecnologias de conex\u00e3o WIFI6, WIFI5, 5G, BLUETOOTH, [&hellip;]<\/p>\n","protected":false},"author":2,"featured_media":0,"parent":0,"menu_order":0,"comment_status":"closed","ping_status":"closed","template":"","meta":{"footnotes":""},"class_list":["post-982","page","type-page","status-publish","hentry"],"_links":{"self":[{"href":"https:\/\/midiapost.com\/live\/wp-json\/wp\/v2\/pages\/982","targetHints":{"allow":["GET"]}}],"collection":[{"href":"https:\/\/midiapost.com\/live\/wp-json\/wp\/v2\/pages"}],"about":[{"href":"https:\/\/midiapost.com\/live\/wp-json\/wp\/v2\/types\/page"}],"author":[{"embeddable":true,"href":"https:\/\/midiapost.com\/live\/wp-json\/wp\/v2\/users\/2"}],"replies":[{"embeddable":true,"href":"https:\/\/midiapost.com\/live\/wp-json\/wp\/v2\/comments?post=982"}],"version-history":[{"count":16,"href":"https:\/\/midiapost.com\/live\/wp-json\/wp\/v2\/pages\/982\/revisions"}],"predecessor-version":[{"id":3269,"href":"https:\/\/midiapost.com\/live\/wp-json\/wp\/v2\/pages\/982\/revisions\/3269"}],"wp:attachment":[{"href":"https:\/\/midiapost.com\/live\/wp-json\/wp\/v2\/media?parent=982"}],"curies":[{"name":"wp","href":"https:\/\/api.w.org\/{rel}","templated":true}]}}